{"id":2,"date":"2016-05-10T03:48:21","date_gmt":"2016-05-10T03:48:21","guid":{"rendered":"http:\/\/wp452m.a10-52-158-154.qa.plesk.ru\/wordpress\/?page_id=2"},"modified":"2019-04-17T14:46:17","modified_gmt":"2019-04-17T14:46:17","slug":"sample-page","status":"publish","type":"page","link":"http:\/\/www.datafolhacontabil.com.br\/?page_id=2","title":{"rendered":"Empresa"},"content":{"rendered":"<h1>Data Folha Contabilidade<\/h1>\n<div>N\u00f3s da\u00a0<strong>Data Folha Contabilidade<\/strong>\u00a0prestamos assessoria atrav\u00e9s de uma equipe treinada e qualificada nas \u00e1reas cont\u00e1bil, fiscal, pessoal, imposto de renda, auditoria, societ\u00e1ria e tribut\u00e1ria.\n<\/div>\n<div>Temos uma filosofia de trabalho voltada para a qualidade, com cumprimento de prazo, sigilo, efic\u00e1cia e profissionalismo na realiza\u00e7\u00e3o dos servi\u00e7os oferecidos <strong>aos nossos clientes<\/strong>.\n<\/div>\n<div>Asseguramos a excel\u00eancia de nossos servi\u00e7os, estamos permanentemente inovando nossos processos atrav\u00e9s de programas de especializa\u00e7\u00e3o e de educa\u00e7\u00e3o continua, mantendo uma equipe qualificada e motivada no atendimento de nossos clientes.\n<\/div>\n<div>Al\u00e9m de nosso comprometimento na presta\u00e7\u00e3o de servi\u00e7os com qualidade, proporcionamos um diferencial nos pre\u00e7os praticados, gerando uma boa rela\u00e7\u00e3o custo\/benef\u00edcio.\n<\/div>\n<div>Assim criamos uma empresa s\u00f3lida, que ao longo dos anos transformou-se em uma empresa estruturada e de sucesso. Estamos sempre atentos \u00e0s novidades do mercado no intuito de oferecer sempre o melhor.<\/div>\n<div><\/div>\n<ul>\n<li><strong>Miss\u00e3o:<\/strong>\u00a0\u00a0Ser uma empresa que proporciona aos nossos colaboradores um ambiente de trabalho estimulante e atrav\u00e9s da nossa presta\u00e7\u00e3o de servi\u00e7o participar do sucesso de nossos clientes.<\/li>\n<\/ul>\n<ul>\n<li><strong>Vis\u00e3o:<\/strong> Ser uma organiza\u00e7\u00e3o cont\u00e1bil de refer\u00eancia na cidade de Diadema e regi\u00e3o, reconhecida pelo profissionalismo da equipe e qualidade na presta\u00e7\u00e3o de servi\u00e7os aos nossos clientes.<\/li>\n<\/ul>\n<ul>\n<li><strong>Valores:<\/strong>\u00a0\u00c9tica, Seguran\u00e7a, Transpar\u00eancia, Inova\u00e7\u00e3o, Responsabilidade, Comprometimento, Qualidade nos Servi\u00e7os e Respeito ao Pr\u00f3ximo.<\/li>\n<\/ul>\n","protected":false},"excerpt":{"rendered":"<p>Data Folha Contabilidade N\u00f3s da\u00a0Data Folha Contabilidade\u00a0prestamos assessoria atrav\u00e9s de uma equipe treinada e qualificada nas \u00e1reas cont\u00e1bil, fiscal, pessoal, imposto de renda, auditoria, societ\u00e1ria e tribut\u00e1ria. Temos uma filosofia de trabalho voltada para a qualidade, com cumprimento de prazo, sigilo, efic\u00e1cia e profissionalismo na realiza\u00e7\u00e3o dos servi\u00e7os oferecidos aos nossos clientes. Asseguramos a excel\u00eancia<\/p>\n<p><a href=\"http:\/\/www.datafolhacontabil.com.br\/?page_id=2\" class=\"more-link\">Ler mais<\/a><\/p>\n","protected":false},"author":1,"featured_media":0,"parent":0,"menu_order":0,"comment_status":"closed","ping_status":"closed","template":"template\/template-about.php","meta":[],"_links":{"self":[{"href":"http:\/\/www.datafolhacontabil.com.br\/index.php?rest_route=\/wp\/v2\/pages\/2"}],"collection":[{"href":"http:\/\/www.datafolhacontabil.com.br\/index.php?rest_route=\/wp\/v2\/pages"}],"about":[{"href":"http:\/\/www.datafolhacontabil.com.br\/index.php?rest_route=\/wp\/v2\/types\/page"}],"author":[{"embeddable":true,"href":"http:\/\/www.datafolhacontabil.com.br\/index.php?rest_route=\/wp\/v2\/users\/1"}],"replies":[{"embeddable":true,"href":"http:\/\/www.datafolhacontabil.com.br\/index.php?rest_route=%2Fwp%2Fv2%2Fcomments&post=2"}],"version-history":[{"count":3,"href":"http:\/\/www.datafolhacontabil.com.br\/index.php?rest_route=\/wp\/v2\/pages\/2\/revisions"}],"predecessor-version":[{"id":50,"href":"http:\/\/www.datafolhacontabil.com.br\/index.php?rest_route=\/wp\/v2\/pages\/2\/revisions\/50"}],"wp:attachment":[{"href":"http:\/\/www.datafolhacontabil.com.br\/index.php?rest_route=%2Fwp%2Fv2%2Fmedia&parent=2"}],"curies":[{"name":"wp","href":"https:\/\/api.w.org\/{rel}","templated":true}]}}