{"id":80,"date":"2020-08-05T14:15:28","date_gmt":"2020-08-05T14:15:28","guid":{"rendered":"http:\/\/datafolhacontabil.com.br\/?page_id=80"},"modified":"2020-08-05T18:33:25","modified_gmt":"2020-08-05T18:33:25","slug":"acesso-cliente","status":"publish","type":"page","link":"http:\/\/www.datafolhacontabil.com.br\/?page_id=80","title":{"rendered":"Acesso Cliente"},"content":{"rendered":"\n<p>Acesso a plataforma do Contador Online, servi\u00e7o exclusivo para clientes da <strong>Data Folha Contabilidade<\/strong>, entrar com o usu\u00e1rio e senha previamente informados pelo seu contador, caso n\u00e3o tenha ainda o acesso entre em contato com a contabilidade.<\/p>\n\n\n\n<form name=\"form1\" class=\"formlogin\" id=\"form1\" action=\"http:\/\/app.contmaticcontadoronline.com.br\/efetualogin\" method=\"post\">\n\t<div class=\"areaCliente\">\u00c1rea de clientes<\/div>\n\t\t<label>C\u00f3digo:<\/label>\n\t\t<input type=\"text\" name=\"usuario.cliente.id\" id=\"cliente.id\" size=\"5\" style=\"width: 50px;\"> <br>\n\t\t<label>Usu\u00e1rio:<\/label>\n\t\t<input type=\"text\" name=\"usuario.login\" id=\"usuario.login\" size=\"10\" maxlength=\"91\"> <br>\n\t\t<label>Senha:<\/label>\n\t\t<input type=\"password\" name=\"usuario.senha \" id=\"usuario.senha \" size=\"10\" maxlength=\"15\"> <br>\n\t\t<input type=\"submit\" value=\"Acessar\" class=\"btn_acessar\">\n\t\t<input type=\"hidden\" name=\"contador.id\" id=\"contador.id\" value=\"9422\">\n\t\t<br>\n\t\t<a href=\"http:\/\/app.contmaticcontadoronline.com.br\/login\/recuperasenha\/9422\">Esqueci minha senha<\/a>\n <\/form>\n\n\n\n<p><\/p>\n","protected":false},"excerpt":{"rendered":"<p>Acesso a plataforma do Contador Online, servi\u00e7o exclusivo para clientes da Data Folha Contabilidade, entrar com o usu\u00e1rio e senha previamente informados pelo seu contador, caso n\u00e3o tenha ainda o acesso entre em contato com a contabilidade. \u00c1rea de clientes C\u00f3digo: Usu\u00e1rio: Senha: Esqueci minha senha<\/p>\n","protected":false},"author":1,"featured_media":0,"parent":0,"menu_order":0,"comment_status":"closed","ping_status":"closed","template":"template\/template-page-full-width.php","meta":[],"_links":{"self":[{"href":"http:\/\/www.datafolhacontabil.com.br\/index.php?rest_route=\/wp\/v2\/pages\/80"}],"collection":[{"href":"http:\/\/www.datafolhacontabil.com.br\/index.php?rest_route=\/wp\/v2\/pages"}],"about":[{"href":"http:\/\/www.datafolhacontabil.com.br\/index.php?rest_route=\/wp\/v2\/types\/page"}],"author":[{"embeddable":true,"href":"http:\/\/www.datafolhacontabil.com.br\/index.php?rest_route=\/wp\/v2\/users\/1"}],"replies":[{"embeddable":true,"href":"http:\/\/www.datafolhacontabil.com.br\/index.php?rest_route=%2Fwp%2Fv2%2Fcomments&post=80"}],"version-history":[{"count":8,"href":"http:\/\/www.datafolhacontabil.com.br\/index.php?rest_route=\/wp\/v2\/pages\/80\/revisions"}],"predecessor-version":[{"id":118,"href":"http:\/\/www.datafolhacontabil.com.br\/index.php?rest_route=\/wp\/v2\/pages\/80\/revisions\/118"}],"wp:attachment":[{"href":"http:\/\/www.datafolhacontabil.com.br\/index.php?rest_route=%2Fwp%2Fv2%2Fmedia&parent=80"}],"curies":[{"name":"wp","href":"https:\/\/api.w.org\/{rel}","templated":true}]}}